{"id":1123,"date":"2025-08-27T07:56:10","date_gmt":"2025-08-27T07:56:10","guid":{"rendered":"http:\/\/18.193.70.38\/?page_id=1123"},"modified":"2025-09-02T13:55:19","modified_gmt":"2025-09-02T13:55:19","slug":"hakkimda-2","status":"publish","type":"page","link":"http:\/\/18.193.70.38\/?page_id=1123&lang=tr","title":{"rendered":"Hakk\u0131mda"},"content":{"rendered":"\n<p><\/p>\n\n\n\n<figure class=\"wp-block-image\"><a href=\"http:\/\/18.193.70.38\/wp-content\/uploads\/2019\/03\/sco.jpg\"><img loading=\"lazy\" decoding=\"async\" width=\"285\" height=\"300\" src=\"http:\/\/www.scozturk.com\/wp-content\/uploads\/2019\/03\/sco-285x300.jpg\" alt=\"\" class=\"wp-image-492\" srcset=\"http:\/\/18.193.70.38\/wp-content\/uploads\/2019\/03\/sco-285x300.jpg 285w, http:\/\/18.193.70.38\/wp-content\/uploads\/2019\/03\/sco.jpg 746w\" sizes=\"auto, (max-width: 285px) 100vw, 285px\" \/><\/a><\/figure>\n\n\n\n<p>Ben <strong>\u015eadi \u00c7a\u011fatay \u00d6zt\u00fcrk<\/strong>, <strong>siber g\u00fcvenlik, robotik, ak\u0131ll\u0131 lojistik ve ileri elektronik<\/strong> alanlar\u0131n\u0131n kesi\u015fiminde \u015firketler kuran ve teknolojiler geli\u015ftiren bir <strong>giri\u015fimci ve m\u00fchendis<\/strong>im. 15 y\u0131l\u0131 a\u015fk\u0131n s\u00fcredir devam eden yolculu\u011fum, m\u00fchendisli\u011fe duydu\u011fum ya\u015fam boyu tutkuyu, cesur fikirleri k\u00fcresel \u00f6l\u00e7ekte de\u011fer yaratan i\u015fletmelere d\u00f6n\u00fc\u015ft\u00fcrme hedefiyle birle\u015ftiriyor.<\/p>\n\n\n\n<h3 class=\"wp-block-heading\">M\u00fchendislik Yolculu\u011fu<\/h3>\n\n\n\n<p>10 ya\u015f\u0131nda, kulland\u0131\u011f\u0131m yaz\u0131l\u0131mlar ve oyunlar\u0131n nas\u0131l \u00e7al\u0131\u015ft\u0131\u011f\u0131n\u0131 merak ederek ilk sat\u0131r kodumu yazd\u0131m. Basit HTML ve JavaScript denemeleriyle ba\u015flayan bu ser\u00fcven, k\u0131sa s\u00fcrede Visual Basic, Python ve nihayetinde <strong>C++ ve d\u00fc\u015f\u00fck seviye programlama<\/strong>ya uzand\u0131. Kendi i\u015fletim sistemimi geli\u015ftirdim, GPU em\u00fclat\u00f6rleri ve mikroi\u015flemci tasar\u0131mlar\u0131 yapt\u0131m. <strong>TOBB Ekonomi ve Teknoloji \u00dcniversitesi<\/strong>\u2019ndeki e\u011fitimim s\u0131ras\u0131nda <strong>FPGA tabanl\u0131 i\u015flemciler, OpenGL ES GPU tasar\u0131mlar\u0131 ve robotik sistemler<\/strong> \u00fczerinde \u00e7al\u0131\u015ft\u0131m. Bu \u00e7al\u0131\u015fmalar bana <strong>CPU Turkey \u00d6d\u00fcl\u00fc<\/strong> gibi ba\u015far\u0131lar kazand\u0131rd\u0131 ve giri\u015fimcilik yolculu\u011fum i\u00e7in sa\u011flam bir teknik temel olu\u015fturdu.<\/p>\n\n\n\n<p>Profesyonel kariyerimin erken d\u00f6neminde, <strong>end\u00fcstriyel otomasyon sistemleri, g\u00f6m\u00fcl\u00fc yaz\u0131l\u0131mlar ve y\u00fcksek performansl\u0131 bilgi i\u015flem h\u0131zland\u0131r\u0131c\u0131lar\u0131<\/strong> geli\u015ftirdim. Bu sayede yaz\u0131l\u0131m, donan\u0131m ve sistem m\u00fchendisli\u011fi alanlar\u0131nda kapsaml\u0131 bir deneyim kazand\u0131m.<\/p>\n\n\n\n<h3 class=\"wp-block-heading\">Giri\u015fimcilik Yolculu\u011fu<\/h3>\n\n\n\n<p>2009\u2019da <strong>Robutel Ltd.<\/strong>\u2019i kurdum. \u015eirket, <strong>intra-lojistik ve malzeme ta\u015f\u0131ma robotlar\u0131<\/strong> geli\u015ftirdi ve k\u0131sa s\u00fcrede T\u00fcrkiye\u2019nin en yenilik\u00e7i robotik giri\u015fimlerinden biri haline geldi. <strong>2013 y\u0131l\u0131nda Robutel, Sanko Holding taraf\u0131ndan sat\u0131n al\u0131nd\u0131<\/strong> ve bug\u00fcn h\u00e2l\u00e2 end\u00fcstriyel robotik \u00e7\u00f6z\u00fcmler \u00fcretmeye devam ediyor.<\/p>\n\n\n\n<p>2015 y\u0131l\u0131nda <strong>Rovenma<\/strong>\u2019y\u0131 kurdum ve halen <strong>CTO<\/strong> olarak g\u00f6rev yap\u0131yorum. Rovenma\u2019da, <strong>ak\u0131ll\u0131 kargo dolaplar\u0131 ve reverse vending makineleri<\/strong> geli\u015ftiriyoruz. \u00dcr\u00fcnlerimiz aras\u0131nda <strong>vandalizme dayan\u0131kl\u0131 ultra-g\u00fcvenli dolaplar, batarya ile \u00e7al\u0131\u015fan off-grid sistemler ve ultra d\u00fc\u015f\u00fck g\u00fc\u00e7 t\u00fcketimli dolaplar<\/strong> bulunuyor. Bug\u00fcn Rovenma\u2019n\u0131n d\u00fcnya genelinde <strong>2000\u2019den fazla dolab\u0131<\/strong> aktif olarak \u00e7al\u0131\u015f\u0131yor ve biz, son kilometre lojisti\u011fini yeniden tan\u0131ml\u0131yoruz.<\/p>\n\n\n\n<p>2021\u2019de ise <strong>Kindi Networks<\/strong>\u2019\u00fc kurdum ve burada da <strong>CTO<\/strong> olarak g\u00f6rev yap\u0131yorum. Kindi\u2019de, <strong>10Gbps a\u011f \u015fifreleyiciler<\/strong> ve <strong>10Gbps Data Diode cihazlar\u0131<\/strong> gibi y\u00fcksek performansl\u0131 <strong>siber g\u00fcvenlik \u00e7\u00f6z\u00fcmleri<\/strong> geli\u015ftiriyoruz. Kritik altyap\u0131lar\u0131n g\u00fcvenli\u011fini sa\u011flamak i\u00e7in \u00e7al\u0131\u015fan d\u00fcnya standartlar\u0131nda bir m\u00fchendislik ekibine liderlik ediyorum ve vizyon ile icra aras\u0131ndaki k\u00f6pr\u00fcy\u00fc bizzat kurarak projelerde ba\u015fm\u00fchendis rol\u00fcn\u00fc \u00fcstleniyorum.<\/p>\n\n\n\n<h3 class=\"wp-block-heading\">Vizyon ve Liderlik<\/h3>\n\n\n\n<p>T\u00fcm giri\u015fimlerimde ortak olan \u015fey; <strong>teknik yenili\u011fi giri\u015fimcilik liderli\u011fiyle birle\u015ftirmem<\/strong> oldu. Do\u011fru problemi bulup \u00e7\u00f6z\u00fcm geli\u015ftirmekten, ilk prototipi tasarlamaya; ekip kurup g\u00fc\u00e7lendirmekten, ilk m\u00fc\u015fterileri kazanarak \u015firketi k\u00fcresel pazara ta\u015f\u0131maya kadar giri\u015fimcilik yolculu\u011funun her ad\u0131m\u0131n\u0131 deneyimledim. 5 milyon USD\u2019nin \u00fczerinde b\u00fct\u00e7eli projeleri y\u00f6nettim, 40\u2019tan fazla m\u00fchendisten olu\u015fan ekipleri koordine ettim ve bug\u00fcn h\u00e2l\u00e2 b\u00fcy\u00fcmeye devam eden \u015firketler in\u015fa ettim.<\/p>\n\n\n\n<p>Uzmanl\u0131k alanlar\u0131m aras\u0131nda <strong>kriptografi, g\u00f6m\u00fcl\u00fc sistemler, robotik, yapay zek\u00e2, IoT ve y\u00fcksek h\u0131zl\u0131 i\u015flem teknolojileri<\/strong> yer al\u0131yor. Ancak teknik konular\u0131n \u00f6tesinde beni motive eden \u015fey, <strong>ger\u00e7ek d\u00fcnyada de\u011fer yaratan \u00fcr\u00fcnler geli\u015ftirmek<\/strong> ve gelece\u011fi daha g\u00fcvenli ve s\u00fcrd\u00fcr\u00fclebilir k\u0131lmak.<\/p>\n\n\n\n<h3 class=\"wp-block-heading\">Ki\u015fisel Hayat<\/h3>\n\n\n\n<p>\u0130\u015f hayat\u0131n\u0131n d\u0131\u015f\u0131nda ben bir <strong>e\u015f ve babay\u0131m<\/strong>. E\u015fimle birlikte hayat\u0131m\u0131z\u0131 k\u0131z\u0131m\u0131zla payla\u015f\u0131yoruz. \u0130\u015f d\u0131\u015f\u0131nda <strong>giri\u015fimcilik, gelecek vizyonlar\u0131 ve s\u00fcrekli \u00f6\u011frenme<\/strong> konular\u0131na merakl\u0131y\u0131m. Ayr\u0131ca <strong>klasik m\u00fczik ve metal m\u00fczik<\/strong> dinlemekten keyif al\u0131yor ve <strong>elektro gitar<\/strong> \u00e7al\u0131yorum.<\/p>\n","protected":false},"excerpt":{"rendered":"<p>Ben \u015eadi \u00c7a\u011fatay \u00d6zt\u00fcrk, siber g\u00fcvenlik, robotik, ak\u0131ll\u0131 lojistik ve ileri elektronik alanlar\u0131n\u0131n kesi\u015fiminde \u015firketler kuran ve teknolojiler geli\u015ftiren bir giri\u015fimci ve m\u00fchendisim. 15 y\u0131l\u0131 a\u015fk\u0131n s\u00fcredir devam&#8230;<\/p>\n","protected":false},"author":1,"featured_media":0,"parent":0,"menu_order":0,"comment_status":"closed","ping_status":"closed","template":"","meta":{"footnotes":""},"class_list":["post-1123","page","type-page","status-publish","hentry"],"_links":{"self":[{"href":"http:\/\/18.193.70.38\/index.php?rest_route=\/wp\/v2\/pages\/1123","targetHints":{"allow":["GET"]}}],"collection":[{"href":"http:\/\/18.193.70.38\/index.php?rest_route=\/wp\/v2\/pages"}],"about":[{"href":"http:\/\/18.193.70.38\/index.php?rest_route=\/wp\/v2\/types\/page"}],"author":[{"embeddable":true,"href":"http:\/\/18.193.70.38\/index.php?rest_route=\/wp\/v2\/users\/1"}],"replies":[{"embeddable":true,"href":"http:\/\/18.193.70.38\/index.php?rest_route=%2Fwp%2Fv2%2Fcomments&post=1123"}],"version-history":[{"count":3,"href":"http:\/\/18.193.70.38\/index.php?rest_route=\/wp\/v2\/pages\/1123\/revisions"}],"predecessor-version":[{"id":1230,"href":"http:\/\/18.193.70.38\/index.php?rest_route=\/wp\/v2\/pages\/1123\/revisions\/1230"}],"wp:attachment":[{"href":"http:\/\/18.193.70.38\/index.php?rest_route=%2Fwp%2Fv2%2Fmedia&parent=1123"}],"curies":[{"name":"wp","href":"https:\/\/api.w.org\/{rel}","templated":true}]}}