{"id":1172,"date":"2025-08-28T13:40:19","date_gmt":"2025-08-28T13:40:19","guid":{"rendered":"http:\/\/18.193.70.38\/?page_id=1172"},"modified":"2025-08-28T13:41:05","modified_gmt":"2025-08-28T13:41:05","slug":"publications","status":"publish","type":"page","link":"http:\/\/18.193.70.38\/?page_id=1172","title":{"rendered":"Publications"},"content":{"rendered":"\n<ul class=\"wp-block-list\">\n<li>Paper about swarm robotics: <a href=\"http:\/\/18.193.70.38\/wp-content\/uploads\/2025\/08\/scozturk.com-Webots-Gercekci-Benzetim-Yazilimi-ile-Suru-Robot-Uygulamalari-Yayin.pdf\" data-type=\"attachment\" data-id=\"904\">TOK\u201907 \u2013 Webots Ger\u00e7ek\u00e7i Benzetim Yaz\u0131l\u0131m\u0131 ile S\u00fcr\u00fc Robot Uygulamalar\u0131,\u00a0<em>\u015eadi \u00c7a\u011fatay \u00d6zt\u00fcrk, Anda\u00e7 T\u00f6re \u015eamilo\u011flu, Veysel Gazi, 2007<\/em><\/a><\/li>\n\n\n\n<li>Book about assembly programming for the x86 architecture: <a href=\"http:\/\/18.193.70.38\/wp-content\/uploads\/2025\/08\/scozturk.com-Intel-8086-ile-Mikroislemci-Programlamaya-Giris-Kitap.pdf\" data-type=\"attachment\" data-id=\"905\">Intel 8086 ile Mikroi\u015flemci Programlamaya Giri\u015f,\u00a0<em>\u015eadi \u00c7a\u011fatay \u00d6zt\u00fcrk, Dr. O\u011fuz Ergin, 2009<\/em><\/a><\/li>\n<\/ul>\n\n\n\n<p><\/p>\n","protected":false},"excerpt":{"rendered":"","protected":false},"author":1,"featured_media":0,"parent":0,"menu_order":0,"comment_status":"closed","ping_status":"closed","template":"","meta":{"footnotes":""},"class_list":["post-1172","page","type-page","status-publish","hentry"],"_links":{"self":[{"href":"http:\/\/18.193.70.38\/index.php?rest_route=\/wp\/v2\/pages\/1172","targetHints":{"allow":["GET"]}}],"collection":[{"href":"http:\/\/18.193.70.38\/index.php?rest_route=\/wp\/v2\/pages"}],"about":[{"href":"http:\/\/18.193.70.38\/index.php?rest_route=\/wp\/v2\/types\/page"}],"author":[{"embeddable":true,"href":"http:\/\/18.193.70.38\/index.php?rest_route=\/wp\/v2\/users\/1"}],"replies":[{"embeddable":true,"href":"http:\/\/18.193.70.38\/index.php?rest_route=%2Fwp%2Fv2%2Fcomments&post=1172"}],"version-history":[{"count":2,"href":"http:\/\/18.193.70.38\/index.php?rest_route=\/wp\/v2\/pages\/1172\/revisions"}],"predecessor-version":[{"id":1174,"href":"http:\/\/18.193.70.38\/index.php?rest_route=\/wp\/v2\/pages\/1172\/revisions\/1174"}],"wp:attachment":[{"href":"http:\/\/18.193.70.38\/index.php?rest_route=%2Fwp%2Fv2%2Fmedia&parent=1172"}],"curies":[{"name":"wp","href":"https:\/\/api.w.org\/{rel}","templated":true}]}}